{"id":4,"date":"2014-07-02T14:00:37","date_gmt":"2014-07-02T12:00:37","guid":{"rendered":"https:\/\/www.lamatoys.cz\/?page_id=4"},"modified":"2014-07-03T10:42:36","modified_gmt":"2014-07-03T08:42:36","slug":"kontakty","status":"publish","type":"page","link":"https:\/\/www.lamatoys.cz\/?page_id=4","title":{"rendered":"Kontakty"},"content":{"rendered":"<p><strong>LAMA Toys a.s.<\/strong><\/p>\n<p>Lidick\u00e1 481<br \/>\nUnho\u0161\u0165<br \/>\n273 51<\/p>\n<p><strong>Tel:<\/strong> +420 312 690 191<br \/>\n<strong>E-mail:<\/strong> info@lamatoys.cz<\/p>\n","protected":false},"excerpt":{"rendered":"<p>LAMA Toys a.s. Lidick\u00e1 481 Unho\u0161\u0165 273 51 Tel: +420 312 690 191 E-mail: info@lamatoys.cz<\/p>\n","protected":false},"author":2,"featured_media":0,"parent":0,"menu_order":0,"comment_status":"open","ping_status":"open","template":"","meta":{"footnotes":""},"class_list":["post-4","page","type-page","status-publish","hentry"],"_links":{"self":[{"href":"https:\/\/www.lamatoys.cz\/index.php?rest_route=\/wp\/v2\/pages\/4","targetHints":{"allow":["GET"]}}],"collection":[{"href":"https:\/\/www.lamatoys.cz\/index.php?rest_route=\/wp\/v2\/pages"}],"about":[{"href":"https:\/\/www.lamatoys.cz\/index.php?rest_route=\/wp\/v2\/types\/page"}],"author":[{"embeddable":true,"href":"https:\/\/www.lamatoys.cz\/index.php?rest_route=\/wp\/v2\/users\/2"}],"replies":[{"embeddable":true,"href":"https:\/\/www.lamatoys.cz\/index.php?rest_route=%2Fwp%2Fv2%2Fcomments&post=4"}],"version-history":[{"count":7,"href":"https:\/\/www.lamatoys.cz\/index.php?rest_route=\/wp\/v2\/pages\/4\/revisions"}],"predecessor-version":[{"id":40,"href":"https:\/\/www.lamatoys.cz\/index.php?rest_route=\/wp\/v2\/pages\/4\/revisions\/40"}],"wp:attachment":[{"href":"https:\/\/www.lamatoys.cz\/index.php?rest_route=%2Fwp%2Fv2%2Fmedia&parent=4"}],"curies":[{"name":"wp","href":"https:\/\/api.w.org\/{rel}","templated":true}]}}