{"id":29,"date":"2014-07-02T15:04:06","date_gmt":"2014-07-02T13:04:06","guid":{"rendered":"https:\/\/www.lamatoys.cz\/?page_id=29"},"modified":"2015-05-11T15:04:47","modified_gmt":"2015-05-11T13:04:47","slug":"o-spolecnosti","status":"publish","type":"page","link":"https:\/\/www.lamatoys.cz\/?page_id=29","title":{"rendered":"O spole\u010dnosti"},"content":{"rendered":"<p>LAMA Toys a.s. je obchodn\u00ed spole\u010dnost.<\/p>\n<h3><\/h3>\n<h3>Obchodn\u00ed informace:<\/h3>\n<p><strong>S\u00eddlo spole\u010dnosti:<\/strong><br \/>\nUnho\u0161\u0165, Lidick\u00e1 481, PS\u010c 273 51<\/p>\n<p><strong>I\u010cO:<\/strong> 24 72 92 81<br \/>\n<strong>DI\u010c:<\/strong> CZ24729281<\/p>\n<p><strong>Obchodn\u00ed rejst\u0159\u00edk:<\/strong><br \/>\n<a title=\"V\u00fdpis z rejst\u0159\u00edku\" href=\"https:\/\/or.justice.cz\/ias\/ui\/rejstrik-firma.vysledky?subjektId=394926&amp;typ=PLATNY\">Platn\u00fd v\u00fdpis prohl\u00e9dnout zde.<\/a><br \/>\nSpole\u010dnost je zaps\u00e1na v OR M\u011bstsk\u00e9ho soudu v\u00a0Praze , odd\u00edl B, vlo\u017eka 16442.<\/p>\n<p><strong>P\u0159edseda p\u0159edstavenstva:<\/strong><br \/>\nIng. VLADIM\u00cdR \u0160\u016eLA<\/p>\n","protected":false},"excerpt":{"rendered":"<p>LAMA Toys a.s. je obchodn\u00ed spole\u010dnost. Obchodn\u00ed informace: S\u00eddlo spole\u010dnosti: Unho\u0161\u0165, Lidick\u00e1 481, PS\u010c 273 51 I\u010cO: 24 72 92 81 DI\u010c: CZ24729281 Obchodn\u00ed rejst\u0159\u00edk: Platn\u00fd v\u00fdpis prohl\u00e9dnout zde. Spole\u010dnost je zaps\u00e1na v OR M\u011bstsk\u00e9ho soudu v\u00a0Praze , odd\u00edl B, vlo\u017eka 16442. P\u0159edseda p\u0159edstavenstva: Ing. VLADIM\u00cdR \u0160\u016eLA<\/p>\n","protected":false},"author":2,"featured_media":0,"parent":0,"menu_order":0,"comment_status":"open","ping_status":"open","template":"","meta":{"footnotes":""},"class_list":["post-29","page","type-page","status-publish","hentry"],"_links":{"self":[{"href":"https:\/\/www.lamatoys.cz\/index.php?rest_route=\/wp\/v2\/pages\/29","targetHints":{"allow":["GET"]}}],"collection":[{"href":"https:\/\/www.lamatoys.cz\/index.php?rest_route=\/wp\/v2\/pages"}],"about":[{"href":"https:\/\/www.lamatoys.cz\/index.php?rest_route=\/wp\/v2\/types\/page"}],"author":[{"embeddable":true,"href":"https:\/\/www.lamatoys.cz\/index.php?rest_route=\/wp\/v2\/users\/2"}],"replies":[{"embeddable":true,"href":"https:\/\/www.lamatoys.cz\/index.php?rest_route=%2Fwp%2Fv2%2Fcomments&post=29"}],"version-history":[{"count":6,"href":"https:\/\/www.lamatoys.cz\/index.php?rest_route=\/wp\/v2\/pages\/29\/revisions"}],"predecessor-version":[{"id":42,"href":"https:\/\/www.lamatoys.cz\/index.php?rest_route=\/wp\/v2\/pages\/29\/revisions\/42"}],"wp:attachment":[{"href":"https:\/\/www.lamatoys.cz\/index.php?rest_route=%2Fwp%2Fv2%2Fmedia&parent=29"}],"curies":[{"name":"wp","href":"https:\/\/api.w.org\/{rel}","templated":true}]}}